{"id":3855,"date":"2023-07-18T09:14:45","date_gmt":"2023-07-18T07:14:45","guid":{"rendered":"https:\/\/laduncanianadanza.com\/additional-information\/"},"modified":"2023-10-04T09:22:26","modified_gmt":"2023-10-04T07:22:26","slug":"additional-information","status":"publish","type":"page","link":"https:\/\/laduncanianadanza.com\/en\/additional-information\/","title":{"rendered":"Additional information"},"content":{"rendered":"\t\t<div data-elementor-type=\"wp-page\" data-elementor-id=\"3855\" class=\"elementor elementor-3855 elementor-3376\" data-elementor-post-type=\"page\">\n\t\t\t\t\t\t<section class=\"elementor-section elementor-top-section elementor-element elementor-element-8d1cf79 elementor-section-boxed elementor-section-height-default elementor-section-height-default\" data-id=\"8d1cf79\" data-element_type=\"section\" data-e-type=\"section\">\n\t\t\t\t\t\t<div class=\"elementor-container elementor-column-gap-default\">\n\t\t\t\t\t<div class=\"elementor-column elementor-col-100 elementor-top-column elementor-element elementor-element-96635e4\" data-id=\"96635e4\" data-element_type=\"column\" data-e-type=\"column\">\n\t\t\t<div class=\"elementor-widget-wrap elementor-element-populated\">\n\t\t\t\t\t\t<div class=\"elementor-element elementor-element-40fe2b3 elementor-widget elementor-widget-heading\" data-id=\"40fe2b3\" data-element_type=\"widget\" data-e-type=\"widget\" data-widget_type=\"heading.default\">\n\t\t\t\t<div class=\"elementor-widget-container\">\n\t\t\t\t\t<h1 class=\"elementor-heading-title elementor-size-default\">Additional information<\/h1>\t\t\t\t<\/div>\n\t\t\t\t<\/div>\n\t\t\t\t<div class=\"elementor-element elementor-element-9752d24 elementor-widget elementor-widget-text-editor\" data-id=\"9752d24\" data-element_type=\"widget\" data-e-type=\"widget\" data-widget_type=\"text-editor.default\">\n\t\t\t\t<div class=\"elementor-widget-container\">\n\t\t\t\t\t\t\t\t\t<p>Below, we inform you of the terms related to the protection of personal data and we understand that they have been read and understood by the user.<\/p>\n<p><strong>Who is responsible for the processing of your data?<\/strong><\/p>\n<ul>\n<li><strong>Identity<\/strong>: M\u00d3NICA MONTA\u00d1ANA CEBRI\u00c1, hereinafter LA DUNCANIANA<\/li>\n<li><strong style=\"font-size: 16px;\">VAT ID<\/strong><span style=\"font-size: 16px;\">: 25407833-D<\/span><\/li>\n<li><strong style=\"font-size: 16px;\">Mailing Address<\/strong><span style=\"font-size: 16px;\">C\/ Florista, 13 Bj &#8211; 46015- Valencia<\/span><\/li>\n<li><strong style=\"font-size: 16px;\">Phone<\/strong><span style=\"font-size: 16px;\">: 963 493 202<\/span><\/li>\n<li><strong style=\"font-size: 16px;\">E-mail address<\/strong><span style=\"font-size: 16px;\">: <\/span><a style=\"font-size: 16px; background-color: #ffffff;\" href=\"mailto:escuela@laduncanianadanza.com\">escuela@laduncanianadanza.com<\/a><\/li>\n<\/ul>\n<p><strong>For what purposes do we process your personal data?<\/strong><\/p>\n<p>In LA DUNCANIANA we process personal data for the purpose of managing queries through the means provided on this website for information about the activities of the center, as well as registration for the activities of the center. Invoicing of courses.<\/p>\n<p><strong>How long will we keep your data?<\/strong><\/p>\n<p>The personal data provided will be retained for as long as the service is provided or thereafter for possible legal liabilities.<\/p>\n<p><strong>What is the legitimacy for the processing of your data?<\/strong><\/p>\n<p>The legal basis for the processing of your data is the provision of the requested\/contracted service.<\/p>\n<p><strong>To which recipients will your data be communicated?<\/strong><\/p>\n<p>The data will not be communicated to third parties outside the company.<\/p>\n<p><strong>What are your rights when you provide us with your data?  <\/strong><\/p>\n<p>Any person has the right to obtain confirmation as to whether or not LA DUNCANIANA is processing personal data concerning them. Interested parties have the right to access their personal data, as well as to request the rectification of inaccurate data or, where appropriate, to request its deletion when, among other reasons, the data is no longer necessary for the purposes for which it was collected.<\/p>\n<p>In certain circumstances and for reasons related to their particular situation, data subjects may object to the processing of their data. LA DUNCANIANA will stop processing the data, except for compelling legitimate reasons, or the exercise or defense of possible claims.<\/p>\n<p><strong>How to exercise your rights?<\/strong><\/p>\n<p>You may exercise your rights by sending a letter, attaching a copy of an official document that identifies you and specifying the right or rights you wish to exercise, by any of the following means:<\/p>\n<ul>\n<li><strong>E-mail:<\/strong> <a href=\"mailto:escuela@laduncanianadanza.com\">escuela@laduncanianadanza.com<\/a><\/li>\n<li><strong style=\"font-size: 16px;\">Postal address:<\/strong><span style=\"font-size: 16px;\"> C\/ Florista, 13 Bj &#8211; 46015- Valencia<\/span><\/li>\n<\/ul>\n<p><strong>How did we obtain your data?<\/strong><\/p>\n<p>The personal data we process at LA DUNCANIANA comes from your registration to our activities.<\/p>\n<p><strong>We obtain consent when:<\/strong><\/p>\n<p>The personal data we process comes from the data subject.<\/p>\n<p><strong>The categories of data processed are:<\/strong><\/p>\n<ul>\n<li><strong>Identification data:<\/strong> Name and surname<\/li>\n<li><strong style=\"font-size: 16px;\">Contact information:<\/strong><span style=\"font-size: 16px;\"> telephone, postal address and e-mail address<\/span><\/li>\n<\/ul>\t\t\t\t\t\t\t\t<\/div>\n\t\t\t\t<\/div>\n\t\t\t\t\t<\/div>\n\t\t<\/div>\n\t\t\t\t\t<\/div>\n\t\t<\/section>\n\t\t\t\t<\/div>\n\t\t","protected":false},"excerpt":{"rendered":"<p>Additional information Below, we inform you of the terms related to the protection of personal data and we understand that they have been read and understood by the user. Who is responsible for the processing of your data? Identity: M\u00d3NICA MONTA\u00d1ANA CEBRI\u00c1, hereinafter LA DUNCANIANA VAT ID: 25407833-D Mailing AddressC\/ Florista, 13 Bj &#8211; 46015- [&hellip;]<\/p>\n","protected":false},"author":1,"featured_media":0,"parent":0,"menu_order":0,"comment_status":"closed","ping_status":"closed","template":"","meta":{"site-sidebar-layout":"no-sidebar","site-content-layout":"page-builder","ast-site-content-layout":"default","site-content-style":"default","site-sidebar-style":"default","ast-global-header-display":"","ast-banner-title-visibility":"","ast-main-header-display":"","ast-hfb-above-header-display":"","ast-hfb-below-header-display":"","ast-hfb-mobile-header-display":"","site-post-title":"disabled","ast-breadcrumbs-content":"","ast-featured-img":"disabled","footer-sml-layout":"","ast-disable-related-posts":"","theme-transparent-header-meta":"","adv-header-id-meta":"","stick-header-meta":"","header-above-stick-meta":"","header-main-stick-meta":"","header-below-stick-meta":"","astra-migrate-meta-layouts":"default","ast-page-background-enabled":"default","ast-page-background-meta":{"desktop":{"background-color":"var(--ast-global-color-4)","background-image":"","background-repeat":"repeat","background-position":"center center","background-size":"auto","background-attachment":"scroll","background-type":"","background-media":"","overlay-type":"","overlay-color":"","overlay-opacity":"","overlay-gradient":""},"tablet":{"background-color":"","background-image":"","background-repeat":"repeat","background-position":"center center","background-size":"auto","background-attachment":"scroll","background-type":"","background-media":"","overlay-type":"","overlay-color":"","overlay-opacity":"","overlay-gradient":""},"mobile":{"background-color":"","background-image":"","background-repeat":"repeat","background-position":"center center","background-size":"auto","background-attachment":"scroll","background-type":"","background-media":"","overlay-type":"","overlay-color":"","overlay-opacity":"","overlay-gradient":""}},"ast-content-background-meta":{"desktop":{"background-color":"var(--ast-global-color-5)","background-image":"","background-repeat":"repeat","background-position":"center center","background-size":"auto","background-attachment":"scroll","background-type":"","background-media":"","overlay-type":"","overlay-color":"","overlay-opacity":"","overlay-gradient":""},"tablet":{"background-color":"var(--ast-global-color-5)","background-image":"","background-repeat":"repeat","background-position":"center center","background-size":"auto","background-attachment":"scroll","background-type":"","background-media":"","overlay-type":"","overlay-color":"","overlay-opacity":"","overlay-gradient":""},"mobile":{"background-color":"var(--ast-global-color-5)","background-image":"","background-repeat":"repeat","background-position":"center center","background-size":"auto","background-attachment":"scroll","background-type":"","background-media":"","overlay-type":"","overlay-color":"","overlay-opacity":"","overlay-gradient":""}},"_joinchat":[],"footnotes":""},"class_list":["post-3855","page","type-page","status-publish","hentry"],"_links":{"self":[{"href":"https:\/\/laduncanianadanza.com\/en\/wp-json\/wp\/v2\/pages\/3855","targetHints":{"allow":["GET"]}}],"collection":[{"href":"https:\/\/laduncanianadanza.com\/en\/wp-json\/wp\/v2\/pages"}],"about":[{"href":"https:\/\/laduncanianadanza.com\/en\/wp-json\/wp\/v2\/types\/page"}],"author":[{"embeddable":true,"href":"https:\/\/laduncanianadanza.com\/en\/wp-json\/wp\/v2\/users\/1"}],"replies":[{"embeddable":true,"href":"https:\/\/laduncanianadanza.com\/en\/wp-json\/wp\/v2\/comments?post=3855"}],"version-history":[{"count":2,"href":"https:\/\/laduncanianadanza.com\/en\/wp-json\/wp\/v2\/pages\/3855\/revisions"}],"predecessor-version":[{"id":3868,"href":"https:\/\/laduncanianadanza.com\/en\/wp-json\/wp\/v2\/pages\/3855\/revisions\/3868"}],"wp:attachment":[{"href":"https:\/\/laduncanianadanza.com\/en\/wp-json\/wp\/v2\/media?parent=3855"}],"curies":[{"name":"wp","href":"https:\/\/api.w.org\/{rel}","templated":true}]}}