{"id":3858,"date":"2023-07-07T11:30:28","date_gmt":"2023-07-07T09:30:28","guid":{"rendered":"https:\/\/laduncanianadanza.com\/modern-dance\/"},"modified":"2023-10-04T09:22:24","modified_gmt":"2023-10-04T07:22:24","slug":"modern-dance","status":"publish","type":"page","link":"https:\/\/laduncanianadanza.com\/en\/modern-dance\/","title":{"rendered":"Modern Dance"},"content":{"rendered":"\t\t<div data-elementor-type=\"wp-page\" data-elementor-id=\"3858\" class=\"elementor elementor-3858 elementor-2637\" data-elementor-post-type=\"page\">\n\t\t\t\t\t\t<section class=\"elementor-section elementor-top-section elementor-element elementor-element-da47274 elementor-section-boxed elementor-section-height-default elementor-section-height-default\" data-id=\"da47274\" data-element_type=\"section\" data-e-type=\"section\">\n\t\t\t\t\t\t<div class=\"elementor-container elementor-column-gap-default\">\n\t\t\t\t\t<div class=\"elementor-column elementor-col-100 elementor-top-column elementor-element elementor-element-bded133\" data-id=\"bded133\" data-element_type=\"column\" data-e-type=\"column\">\n\t\t\t<div class=\"elementor-widget-wrap elementor-element-populated\">\n\t\t\t\t\t\t<div class=\"elementor-element elementor-element-b63d5ba elementor-widget-divider--view-line elementor-widget elementor-widget-divider\" data-id=\"b63d5ba\" data-element_type=\"widget\" data-e-type=\"widget\" data-widget_type=\"divider.default\">\n\t\t\t\t<div class=\"elementor-widget-container\">\n\t\t\t\t\t\t\t<div class=\"elementor-divider\">\n\t\t\t<span class=\"elementor-divider-separator\">\n\t\t\t\t\t\t<\/span>\n\t\t<\/div>\n\t\t\t\t\t\t<\/div>\n\t\t\t\t<\/div>\n\t\t\t\t<div class=\"elementor-element elementor-element-af2e714 elementor-widget elementor-widget-heading\" data-id=\"af2e714\" data-element_type=\"widget\" data-e-type=\"widget\" data-widget_type=\"heading.default\">\n\t\t\t\t<div class=\"elementor-widget-container\">\n\t\t\t\t\t<h1 class=\"elementor-heading-title elementor-size-default\">Modern dance in Valencia<\/h1>\t\t\t\t<\/div>\n\t\t\t\t<\/div>\n\t\t\t\t\t<\/div>\n\t\t<\/div>\n\t\t\t\t\t<\/div>\n\t\t<\/section>\n\t\t\t\t<section class=\"elementor-section elementor-top-section elementor-element elementor-element-c922a28 elementor-section-boxed elementor-section-height-default elementor-section-height-default\" data-id=\"c922a28\" data-element_type=\"section\" data-e-type=\"section\">\n\t\t\t\t\t\t<div class=\"elementor-container elementor-column-gap-default\">\n\t\t\t\t\t<div class=\"elementor-column elementor-col-50 elementor-top-column elementor-element elementor-element-786c612\" data-id=\"786c612\" data-element_type=\"column\" data-e-type=\"column\">\n\t\t\t<div class=\"elementor-widget-wrap elementor-element-populated\">\n\t\t\t\t\t\t<div class=\"elementor-element elementor-element-799bb19 elementor-widget elementor-widget-heading\" data-id=\"799bb19\" data-element_type=\"widget\" data-e-type=\"widget\" data-widget_type=\"heading.default\">\n\t\t\t\t<div class=\"elementor-widget-container\">\n\t\t\t\t\t<span class=\"elementor-heading-title elementor-size-default\">La Duncaniana Dance School<\/span>\t\t\t\t<\/div>\n\t\t\t\t<\/div>\n\t\t\t\t<div class=\"elementor-element elementor-element-1872b43 elementor-widget elementor-widget-heading\" data-id=\"1872b43\" data-element_type=\"widget\" data-e-type=\"widget\" data-widget_type=\"heading.default\">\n\t\t\t\t<div class=\"elementor-widget-container\">\n\t\t\t\t\t<h2 class=\"elementor-heading-title elementor-size-default\">What is modern dance?<\/h2>\t\t\t\t<\/div>\n\t\t\t\t<\/div>\n\t\t\t\t<div class=\"elementor-element elementor-element-ff1ff93 elementor-widget-divider--view-line elementor-widget elementor-widget-divider\" data-id=\"ff1ff93\" data-element_type=\"widget\" data-e-type=\"widget\" data-widget_type=\"divider.default\">\n\t\t\t\t<div class=\"elementor-widget-container\">\n\t\t\t\t\t\t\t<div class=\"elementor-divider\">\n\t\t\t<span class=\"elementor-divider-separator\">\n\t\t\t\t\t\t<\/span>\n\t\t<\/div>\n\t\t\t\t\t\t<\/div>\n\t\t\t\t<\/div>\n\t\t\t\t<div class=\"elementor-element elementor-element-c44e484 elementor-widget elementor-widget-text-editor\" data-id=\"c44e484\" data-element_type=\"widget\" data-e-type=\"widget\" data-widget_type=\"text-editor.default\">\n\t\t\t\t<div class=\"elementor-widget-container\">\n\t\t\t\t\t\t\t\t\t<p>Modern dance is a style of artistic expression that developed in the early 20th century as a reaction to classical ballet. Unlike ballet, modern dance seeks to break with traditional conventions and explore new forms of movement and expression. It is characterized by its focus on freedom of movement, improvisation and emotional connection to the music. At La Duncaniana, our modern dance academy in Valencia, we value the creativity and individuality of our students, encouraging their artistic and personal development through this vibrant and contemporary discipline.<\/p>\n\t\t\t\t\t\t\t\t<\/div>\n\t\t\t\t<\/div>\n\t\t\t\t<div class=\"elementor-element elementor-element-d5c967d elementor-widget elementor-widget-heading\" data-id=\"d5c967d\" data-element_type=\"widget\" data-e-type=\"widget\" data-widget_type=\"heading.default\">\n\t\t\t\t<div class=\"elementor-widget-container\">\n\t\t\t\t\t<h2 class=\"elementor-heading-title elementor-size-default\">Modern dance academy<\/h2>\t\t\t\t<\/div>\n\t\t\t\t<\/div>\n\t\t\t\t<div class=\"elementor-element elementor-element-971eed0 elementor-widget-divider--view-line elementor-widget elementor-widget-divider\" data-id=\"971eed0\" data-element_type=\"widget\" data-e-type=\"widget\" data-widget_type=\"divider.default\">\n\t\t\t\t<div class=\"elementor-widget-container\">\n\t\t\t\t\t\t\t<div class=\"elementor-divider\">\n\t\t\t<span class=\"elementor-divider-separator\">\n\t\t\t\t\t\t<\/span>\n\t\t<\/div>\n\t\t\t\t\t\t<\/div>\n\t\t\t\t<\/div>\n\t\t\t\t<div class=\"elementor-element elementor-element-f28ecbe elementor-widget elementor-widget-text-editor\" data-id=\"f28ecbe\" data-element_type=\"widget\" data-e-type=\"widget\" data-widget_type=\"text-editor.default\">\n\t\t\t\t<div class=\"elementor-widget-container\">\n\t\t\t\t\t\t\t\t\t<p>At La Duncaniana, we are proud to offer a modern dance academy in Valencia that stands out for its artistic excellence and its focus on the growth of each student. Our team of highly qualified professionals is committed to providing quality modern dance education, cultivating technical and artistic skills in an inspiring and welcoming environment. Our academy has modern facilities and spacious studios designed specifically for modern dance training. We value teamwork, discipline and mutual respect, creating an environment conducive to learning and personal growth.<\/p>\n\t\t\t\t\t\t\t\t<\/div>\n\t\t\t\t<\/div>\n\t\t\t\t<div class=\"elementor-element elementor-element-9b54707 elementor-widget elementor-widget-image\" data-id=\"9b54707\" data-element_type=\"widget\" data-e-type=\"widget\" data-widget_type=\"image.default\">\n\t\t\t\t<div class=\"elementor-widget-container\">\n\t\t\t\t\t\t\t\t\t\t\t\t\t\t\t<img fetchpriority=\"high\" decoding=\"async\" width=\"786\" height=\"804\" src=\"https:\/\/laduncanianadanza.com\/wp-content\/uploads\/2023\/07\/Danza-Moderna-Lirico.jpg\" class=\"attachment-large size-large wp-image-2650\" alt=\"\" srcset=\"https:\/\/laduncanianadanza.com\/wp-content\/uploads\/2023\/07\/Danza-Moderna-Lirico.jpg 786w, https:\/\/laduncanianadanza.com\/wp-content\/uploads\/2023\/07\/Danza-Moderna-Lirico-293x300.jpg 293w, https:\/\/laduncanianadanza.com\/wp-content\/uploads\/2023\/07\/Danza-Moderna-Lirico-768x786.jpg 768w\" sizes=\"(max-width: 786px) 100vw, 786px\" \/>\t\t\t\t\t\t\t\t\t\t\t\t\t\t\t<\/div>\n\t\t\t\t<\/div>\n\t\t\t\t\t<\/div>\n\t\t<\/div>\n\t\t\t\t<div class=\"elementor-column elementor-col-50 elementor-top-column elementor-element elementor-element-5afb45e\" data-id=\"5afb45e\" data-element_type=\"column\" data-e-type=\"column\">\n\t\t\t<div class=\"elementor-widget-wrap elementor-element-populated\">\n\t\t\t\t\t\t<div class=\"elementor-element elementor-element-191485b elementor-widget elementor-widget-image\" data-id=\"191485b\" data-element_type=\"widget\" data-e-type=\"widget\" data-widget_type=\"image.default\">\n\t\t\t\t<div class=\"elementor-widget-container\">\n\t\t\t\t\t\t\t\t\t\t\t\t\t\t\t<img decoding=\"async\" width=\"747\" height=\"808\" src=\"https:\/\/laduncanianadanza.com\/wp-content\/uploads\/2023\/07\/Danza-Moderna-Jazz.jpg\" class=\"attachment-large size-large wp-image-2648\" alt=\"\" srcset=\"https:\/\/laduncanianadanza.com\/wp-content\/uploads\/2023\/07\/Danza-Moderna-Jazz.jpg 747w, https:\/\/laduncanianadanza.com\/wp-content\/uploads\/2023\/07\/Danza-Moderna-Jazz-277x300.jpg 277w\" sizes=\"(max-width: 747px) 100vw, 747px\" \/>\t\t\t\t\t\t\t\t\t\t\t\t\t\t\t<\/div>\n\t\t\t\t<\/div>\n\t\t\t\t<div class=\"elementor-element elementor-element-b62179e elementor-widget elementor-widget-heading\" data-id=\"b62179e\" data-element_type=\"widget\" data-e-type=\"widget\" data-widget_type=\"heading.default\">\n\t\t\t\t<div class=\"elementor-widget-container\">\n\t\t\t\t\t<h2 class=\"elementor-heading-title elementor-size-default\">What you will learn in our modern dance school<\/h2>\t\t\t\t<\/div>\n\t\t\t\t<\/div>\n\t\t\t\t<div class=\"elementor-element elementor-element-209b371 elementor-widget-divider--view-line elementor-widget elementor-widget-divider\" data-id=\"209b371\" data-element_type=\"widget\" data-e-type=\"widget\" data-widget_type=\"divider.default\">\n\t\t\t\t<div class=\"elementor-widget-container\">\n\t\t\t\t\t\t\t<div class=\"elementor-divider\">\n\t\t\t<span class=\"elementor-divider-separator\">\n\t\t\t\t\t\t<\/span>\n\t\t<\/div>\n\t\t\t\t\t\t<\/div>\n\t\t\t\t<\/div>\n\t\t\t\t<div class=\"elementor-element elementor-element-ba3d8fe elementor-widget elementor-widget-text-editor\" data-id=\"ba3d8fe\" data-element_type=\"widget\" data-e-type=\"widget\" data-widget_type=\"text-editor.default\">\n\t\t\t\t<div class=\"elementor-widget-container\">\n\t\t\t\t\t\t\t\t\t<p>In our modern dance school at La Duncaniana, we offer you a wide range of modern dance styles and techniques to explore and master. Two of the most outstanding styles are Modern Jazz and Lyrical Dance:<\/p>\n\t\t\t\t\t\t\t\t<\/div>\n\t\t\t\t<\/div>\n\t\t\t\t<div class=\"elementor-element elementor-element-9f74734 elementor-widget elementor-widget-heading\" data-id=\"9f74734\" data-element_type=\"widget\" data-e-type=\"widget\" data-widget_type=\"heading.default\">\n\t\t\t\t<div class=\"elementor-widget-container\">\n\t\t\t\t\t<h3 class=\"elementor-heading-title elementor-size-default\">Modern Jazz<\/h3>\t\t\t\t<\/div>\n\t\t\t\t<\/div>\n\t\t\t\t<div class=\"elementor-element elementor-element-1d3e397 elementor-widget-divider--view-line elementor-widget elementor-widget-divider\" data-id=\"1d3e397\" data-element_type=\"widget\" data-e-type=\"widget\" data-widget_type=\"divider.default\">\n\t\t\t\t<div class=\"elementor-widget-container\">\n\t\t\t\t\t\t\t<div class=\"elementor-divider\">\n\t\t\t<span class=\"elementor-divider-separator\">\n\t\t\t\t\t\t<\/span>\n\t\t<\/div>\n\t\t\t\t\t\t<\/div>\n\t\t\t\t<\/div>\n\t\t\t\t<div class=\"elementor-element elementor-element-53c75a5 elementor-widget elementor-widget-text-editor\" data-id=\"53c75a5\" data-element_type=\"widget\" data-e-type=\"widget\" data-widget_type=\"text-editor.default\">\n\t\t\t\t<div class=\"elementor-widget-container\">\n\t\t\t\t\t\t\t\t\t<p>Modern Jazz is an energetic and dynamic style that combines elements of modern dance and jazz. It is characterized by fluid, fast and expressive movements, as well as by its emphasis on musicality and rhythm. In our Modern Jazz classes, students will learn a wide variety of choreographic techniques and sequences, developing strength, flexibility and coordination. They will also explore improvisation and interpretation, allowing their individuality and personal style to be reflected in their dance.<\/p>\n\t\t\t\t\t\t\t\t<\/div>\n\t\t\t\t<\/div>\n\t\t\t\t<div class=\"elementor-element elementor-element-e8eea44 elementor-widget elementor-widget-heading\" data-id=\"e8eea44\" data-element_type=\"widget\" data-e-type=\"widget\" data-widget_type=\"heading.default\">\n\t\t\t\t<div class=\"elementor-widget-container\">\n\t\t\t\t\t<h3 class=\"elementor-heading-title elementor-size-default\">Lyrical dance<\/h3>\t\t\t\t<\/div>\n\t\t\t\t<\/div>\n\t\t\t\t<div class=\"elementor-element elementor-element-9dff2a3 elementor-widget-divider--view-line elementor-widget elementor-widget-divider\" data-id=\"9dff2a3\" data-element_type=\"widget\" data-e-type=\"widget\" data-widget_type=\"divider.default\">\n\t\t\t\t<div class=\"elementor-widget-container\">\n\t\t\t\t\t\t\t<div class=\"elementor-divider\">\n\t\t\t<span class=\"elementor-divider-separator\">\n\t\t\t\t\t\t<\/span>\n\t\t<\/div>\n\t\t\t\t\t\t<\/div>\n\t\t\t\t<\/div>\n\t\t\t\t<div class=\"elementor-element elementor-element-87d297a elementor-widget elementor-widget-text-editor\" data-id=\"87d297a\" data-element_type=\"widget\" data-e-type=\"widget\" data-widget_type=\"text-editor.default\">\n\t\t\t\t<div class=\"elementor-widget-container\">\n\t\t\t\t\t\t\t\t\t<p>Lyrical Dance is a poetic and expressive style that combines the technique of classical ballet with the fluidity and emotionality of contemporary dance. It is a dance form that emphasizes the connection between music, emotions and movement. In our Lyrical Dance classes, students will learn to convey feelings and tell stories through smooth and fluid movements. Elements such as facial expression, use of space and emotional connection to the music will be worked on, allowing each student to immerse themselves in a world of beauty and artistic expression.<\/p>\n\t\t\t\t\t\t\t\t<\/div>\n\t\t\t\t<\/div>\n\t\t\t\t\t<\/div>\n\t\t<\/div>\n\t\t\t\t\t<\/div>\n\t\t<\/section>\n\t\t\t\t<section class=\"elementor-section elementor-top-section elementor-element elementor-element-e1c82bd elementor-section-boxed elementor-section-height-default elementor-section-height-default\" data-id=\"e1c82bd\" data-element_type=\"section\" data-e-type=\"section\" data-settings=\"{&quot;background_background&quot;:&quot;classic&quot;}\">\n\t\t\t\t\t\t<div class=\"elementor-container elementor-column-gap-default\">\n\t\t\t\t\t<div class=\"elementor-column elementor-col-100 elementor-top-column elementor-element elementor-element-c1535cd\" data-id=\"c1535cd\" data-element_type=\"column\" data-e-type=\"column\">\n\t\t\t<div class=\"elementor-widget-wrap elementor-element-populated\">\n\t\t\t\t\t\t<div class=\"elementor-element elementor-element-ebe9e19 elementor-widget-divider--view-line elementor-widget elementor-widget-divider\" data-id=\"ebe9e19\" data-element_type=\"widget\" data-e-type=\"widget\" data-widget_type=\"divider.default\">\n\t\t\t\t<div class=\"elementor-widget-container\">\n\t\t\t\t\t\t\t<div class=\"elementor-divider\">\n\t\t\t<span class=\"elementor-divider-separator\">\n\t\t\t\t\t\t<\/span>\n\t\t<\/div>\n\t\t\t\t\t\t<\/div>\n\t\t\t\t<\/div>\n\t\t\t\t<div class=\"elementor-element elementor-element-c5c89fd elementor-widget elementor-widget-heading\" data-id=\"c5c89fd\" data-element_type=\"widget\" data-e-type=\"widget\" data-widget_type=\"heading.default\">\n\t\t\t\t<div class=\"elementor-widget-container\">\n\t\t\t\t\t<span class=\"elementor-heading-title elementor-size-default\">Contact with us<\/span>\t\t\t\t<\/div>\n\t\t\t\t<\/div>\n\t\t\t\t<div class=\"elementor-element elementor-element-d48411f elementor-widget elementor-widget-text-editor\" data-id=\"d48411f\" data-element_type=\"widget\" data-e-type=\"widget\" data-widget_type=\"text-editor.default\">\n\t\t\t\t<div class=\"elementor-widget-container\">\n\t\t\t\t\t\t\t\t\t<p>If you need information or want to enroll in one of our courses, do not hesitate to contact us.<br \/>  We will get back to you as soon as possible!<\/p>\n\t\t\t\t\t\t\t\t<\/div>\n\t\t\t\t<\/div>\n\t\t\t\t<div class=\"elementor-element elementor-element-b0ea210 elementor-button-align-center elementor-widget__width-initial elementor-widget elementor-widget-global elementor-global-3943 elementor-global-3450 elementor-widget-form\" data-id=\"b0ea210\" data-element_type=\"widget\" data-e-type=\"widget\" data-settings=\"{&quot;step_next_label&quot;:&quot;Next&quot;,&quot;step_previous_label&quot;:&quot;Previous&quot;,&quot;button_width&quot;:&quot;100&quot;,&quot;step_type&quot;:&quot;number_text&quot;,&quot;step_icon_shape&quot;:&quot;circle&quot;}\" data-widget_type=\"form.default\">\n\t\t\t\t<div class=\"elementor-widget-container\">\n\t\t\t\t\t\t\t<form class=\"elementor-form\" method=\"post\" name=\"New Form\" aria-label=\"New Form\">\n\t\t\t<input type=\"hidden\" name=\"post_id\" value=\"3858\"\/>\n\t\t\t<input type=\"hidden\" name=\"form_id\" value=\"b0ea210\"\/>\n\t\t\t<input type=\"hidden\" name=\"referer_title\" value=\"\" \/>\n\n\t\t\t\n\t\t\t<div class=\"elementor-form-fields-wrapper elementor-labels-above\">\n\t\t\t\t\t\t\t\t<div class=\"elementor-field-type-text elementor-field-group elementor-column elementor-field-group-name elementor-col-100\">\n\t\t\t\t\t\t\t\t\t\t\t\t<label for=\"form-field-name\" class=\"elementor-field-label\">\n\t\t\t\t\t\t\t\tFullname\t\t\t\t\t\t\t<\/label>\n\t\t\t\t\t\t\t\t\t\t\t\t\t\t<input size=\"1\" type=\"text\" name=\"form_fields[name]\" id=\"form-field-name\" class=\"elementor-field elementor-size-md  elementor-field-textual\">\n\t\t\t\t\t\t\t\t\t\t\t<\/div>\n\t\t\t\t\t\t\t\t<div class=\"elementor-field-type-email elementor-field-group elementor-column elementor-field-group-email elementor-col-50 elementor-field-required elementor-mark-required\">\n\t\t\t\t\t\t\t\t\t\t\t\t<label for=\"form-field-email\" class=\"elementor-field-label\">\n\t\t\t\t\t\t\t\tEmail\t\t\t\t\t\t\t<\/label>\n\t\t\t\t\t\t\t\t\t\t\t\t\t\t<input size=\"1\" type=\"email\" name=\"form_fields[email]\" id=\"form-field-email\" class=\"elementor-field elementor-size-md  elementor-field-textual\" required=\"required\">\n\t\t\t\t\t\t\t\t\t\t\t<\/div>\n\t\t\t\t\t\t\t\t<div class=\"elementor-field-type-tel elementor-field-group elementor-column elementor-field-group-field_ea7df5b elementor-col-50 elementor-field-required elementor-mark-required\">\n\t\t\t\t\t\t\t\t\t\t\t\t<label for=\"form-field-field_ea7df5b\" class=\"elementor-field-label\">\n\t\t\t\t\t\t\t\tPhone\t\t\t\t\t\t\t<\/label>\n\t\t\t\t\t\t\t\t<input size=\"1\" type=\"tel\" name=\"form_fields[field_ea7df5b]\" id=\"form-field-field_ea7df5b\" class=\"elementor-field elementor-size-md  elementor-field-textual\" required=\"required\" pattern=\"[0-9()#&amp;+*-=.]+\" title=\"Only numbers and phone characters (#, -, *, etc) are accepted.\">\n\n\t\t\t\t\t\t<\/div>\n\t\t\t\t\t\t\t\t<div class=\"elementor-field-type-select elementor-field-group elementor-column elementor-field-group-field_53633bb elementor-col-100 elementor-field-required elementor-mark-required\">\n\t\t\t\t\t\t\t\t\t\t\t\t<label for=\"form-field-field_53633bb\" class=\"elementor-field-label\">\n\t\t\t\t\t\t\t\tClasses\t\t\t\t\t\t\t<\/label>\n\t\t\t\t\t\t\t\t<div class=\"elementor-field elementor-select-wrapper remove-before \">\n\t\t\t<div class=\"select-caret-down-wrapper\">\n\t\t\t\t<i aria-hidden=\"true\" class=\"eicon-caret-down\"><\/i>\t\t\t<\/div>\n\t\t\t<select name=\"form_fields[field_53633bb]\" id=\"form-field-field_53633bb\" class=\"elementor-field-textual elementor-size-md\" required=\"required\">\n\t\t\t\t\t\t\t\t\t<option value=\"- Select service -  \">- Select service -  <\/option>\n\t\t\t\t\t\t\t\t\t<option value=\"RAD Examinations\">RAD Examinations<\/option>\n\t\t\t\t\t\t\t\t\t<option value=\"Summer School\">Summer School<\/option>\n\t\t\t\t\t\t\t\t\t<option value=\"Classical Dance\">Classical Dance<\/option>\n\t\t\t\t\t\t\t\t\t<option value=\"Contemporary Dance\">Contemporary Dance<\/option>\n\t\t\t\t\t\t\t\t\t<option value=\"Neoclassical Dance\">Neoclassical Dance<\/option>\n\t\t\t\t\t\t\t\t\t<option value=\"Modern Dance\">Modern Dance<\/option>\n\t\t\t\t\t\t\t\t\t<option value=\"Silver Swans\">Silver Swans<\/option>\n\t\t\t\t\t\t\t\t\t<option value=\"PBT\">PBT<\/option>\n\t\t\t\t\t\t\t\t\t<option value=\"Private Lesson\">Private Lesson<\/option>\n\t\t\t\t\t\t\t<\/select>\n\t\t<\/div>\n\t\t\t\t\t\t<\/div>\n\t\t\t\t\t\t\t\t<div class=\"elementor-field-type-acceptance elementor-field-group elementor-column elementor-field-group-field_045182a elementor-col-100 elementor-field-required elementor-mark-required\">\n\t\t\t\t\t\t\t<div class=\"elementor-field-subgroup\">\n\t\t\t<span class=\"elementor-field-option\">\n\t\t\t\t<input type=\"checkbox\" name=\"form_fields[field_045182a]\" id=\"form-field-field_045182a\" class=\"elementor-field elementor-size-md  elementor-acceptance-field\" required=\"required\">\n\t\t\t\t<label for=\"form-field-field_045182a\">I have read and accept the <a href=\"https:\/\/laduncanianadanza.com\/en\/additional-information\/\">data protection<\/a> clause.<\/label>\t\t\t<\/span>\n\t\t<\/div>\n\t\t\t\t\t\t<\/div>\n\t\t\t\t\t\t\t\t<div class=\"elementor-field-type-html elementor-field-group elementor-column elementor-field-group-field_d0c4899 elementor-col-100\">\n\t\t\t\t\t<p><strong>BASIC INFORMATION ON DATA PROTECTION<\/strong><\/p>\n<ul>\n<li><strong>Responsible: <\/strong>M\u00d3NICA MONTA\u00d1ANA CEBRI\u00c1<\/li>\n<li><strong>Purpose:<\/strong> Management of inquiries about the activities of LA DUNCANIANA DANZA center.<\/li>\n<li><strong>Legitimation:<\/strong> Consent of the interested party<\/li>\n<li><strong>Recipients:<\/strong> The data will not be disclosed to third parties outside the company.<\/li>\n<li><strong>Rights:<\/strong> You have the right to access, rectify and delete the data, as well as other rights, as explained in the additional information.<\/li>\n<li><strong>Additional information:<\/strong> You can consult additional and detailed information on Data Protection at the following <a href=\"https:\/\/laduncanianadanza.com\/en\/additional-information\/\">link<\/a><\/li>\n<\/ul>\t\t\t\t<\/div>\n\t\t\t\t\t\t\t\t<div class=\"elementor-field-group elementor-column elementor-field-type-submit elementor-col-100 e-form__buttons\">\n\t\t\t\t\t<button class=\"elementor-button elementor-size-sm\" type=\"submit\">\n\t\t\t\t\t\t<span class=\"elementor-button-content-wrapper\">\n\t\t\t\t\t\t\t\t\t\t\t\t\t\t\t\t\t\t\t\t\t\t<span class=\"elementor-button-text\">Send to<\/span>\n\t\t\t\t\t\t\t\t\t\t\t\t\t<\/span>\n\t\t\t\t\t<\/button>\n\t\t\t\t<\/div>\n\t\t\t<\/div>\n\t\t<\/form>\n\t\t\t\t\t\t<\/div>\n\t\t\t\t<\/div>\n\t\t\t\t<div class=\"elementor-element elementor-element-115a7a7 elementor-widget__width-initial elementor-widget elementor-widget-google_maps\" data-id=\"115a7a7\" data-element_type=\"widget\" data-e-type=\"widget\" data-widget_type=\"google_maps.default\">\n\t\t\t\t<div class=\"elementor-widget-container\">\n\t\t\t\t\t\t\t<div class=\"elementor-custom-embed\">\n\t\t\t<iframe loading=\"lazy\"\n\t\t\t\t\tsrc=\"https:\/\/maps.google.com\/maps?q=Centro%20Oficial%20de%20Danza%20La%20Duncaniana&#038;t=m&#038;z=12&#038;output=embed&#038;iwloc=near\"\n\t\t\t\t\ttitle=\"Centro Oficial de Danza La Duncaniana\"\n\t\t\t\t\taria-label=\"Centro Oficial de Danza La Duncaniana\"\n\t\t\t><\/iframe>\n\t\t<\/div>\n\t\t\t\t\t\t<\/div>\n\t\t\t\t<\/div>\n\t\t\t\t\t<\/div>\n\t\t<\/div>\n\t\t\t\t\t<\/div>\n\t\t<\/section>\n\t\t\t\t<\/div>\n\t\t","protected":false},"excerpt":{"rendered":"<p>Modern dance in Valencia La Duncaniana Dance School What is modern dance? Modern dance is a style of artistic expression that developed in the early 20th century as a reaction to classical ballet. Unlike ballet, modern dance seeks to break with traditional conventions and explore new forms of movement and expression. It is characterized by [&hellip;]<\/p>\n","protected":false},"author":1,"featured_media":0,"parent":0,"menu_order":0,"comment_status":"closed","ping_status":"closed","template":"","meta":{"site-sidebar-layout":"no-sidebar","site-content-layout":"page-builder","ast-site-content-layout":"default","site-content-style":"default","site-sidebar-style":"default","ast-global-header-display":"","ast-banner-title-visibility":"","ast-main-header-display":"","ast-hfb-above-header-display":"","ast-hfb-below-header-display":"","ast-hfb-mobile-header-display":"","site-post-title":"disabled","ast-breadcrumbs-content":"","ast-featured-img":"disabled","footer-sml-layout":"","ast-disable-related-posts":"","theme-transparent-header-meta":"","adv-header-id-meta":"","stick-header-meta":"","header-above-stick-meta":"","header-main-stick-meta":"","header-below-stick-meta":"","astra-migrate-meta-layouts":"default","ast-page-background-enabled":"default","ast-page-background-meta":{"desktop":{"background-color":"var(--ast-global-color-4)","background-image":"","background-repeat":"repeat","background-position":"center center","background-size":"auto","background-attachment":"scroll","background-type":"","background-media":"","overlay-type":"","overlay-color":"","overlay-opacity":"","overlay-gradient":""},"tablet":{"background-color":"","background-image":"","background-repeat":"repeat","background-position":"center center","background-size":"auto","background-attachment":"scroll","background-type":"","background-media":"","overlay-type":"","overlay-color":"","overlay-opacity":"","overlay-gradient":""},"mobile":{"background-color":"","background-image":"","background-repeat":"repeat","background-position":"center center","background-size":"auto","background-attachment":"scroll","background-type":"","background-media":"","overlay-type":"","overlay-color":"","overlay-opacity":"","overlay-gradient":""}},"ast-content-background-meta":{"desktop":{"background-color":"var(--ast-global-color-5)","background-image":"","background-repeat":"repeat","background-position":"center center","background-size":"auto","background-attachment":"scroll","background-type":"","background-media":"","overlay-type":"","overlay-color":"","overlay-opacity":"","overlay-gradient":""},"tablet":{"background-color":"var(--ast-global-color-5)","background-image":"","background-repeat":"repeat","background-position":"center center","background-size":"auto","background-attachment":"scroll","background-type":"","background-media":"","overlay-type":"","overlay-color":"","overlay-opacity":"","overlay-gradient":""},"mobile":{"background-color":"var(--ast-global-color-5)","background-image":"","background-repeat":"repeat","background-position":"center center","background-size":"auto","background-attachment":"scroll","background-type":"","background-media":"","overlay-type":"","overlay-color":"","overlay-opacity":"","overlay-gradient":""}},"_joinchat":[],"footnotes":""},"class_list":["post-3858","page","type-page","status-publish","hentry"],"_links":{"self":[{"href":"https:\/\/laduncanianadanza.com\/en\/wp-json\/wp\/v2\/pages\/3858","targetHints":{"allow":["GET"]}}],"collection":[{"href":"https:\/\/laduncanianadanza.com\/en\/wp-json\/wp\/v2\/pages"}],"about":[{"href":"https:\/\/laduncanianadanza.com\/en\/wp-json\/wp\/v2\/types\/page"}],"author":[{"embeddable":true,"href":"https:\/\/laduncanianadanza.com\/en\/wp-json\/wp\/v2\/users\/1"}],"replies":[{"embeddable":true,"href":"https:\/\/laduncanianadanza.com\/en\/wp-json\/wp\/v2\/comments?post=3858"}],"version-history":[{"count":2,"href":"https:\/\/laduncanianadanza.com\/en\/wp-json\/wp\/v2\/pages\/3858\/revisions"}],"predecessor-version":[{"id":3871,"href":"https:\/\/laduncanianadanza.com\/en\/wp-json\/wp\/v2\/pages\/3858\/revisions\/3871"}],"wp:attachment":[{"href":"https:\/\/laduncanianadanza.com\/en\/wp-json\/wp\/v2\/media?parent=3858"}],"curies":[{"name":"wp","href":"https:\/\/api.w.org\/{rel}","templated":true}]}}