{"id":3876,"date":"2023-06-02T10:02:09","date_gmt":"2023-06-02T08:02:09","guid":{"rendered":"https:\/\/laduncanianadanza.com\/dance-classical\/"},"modified":"2023-10-04T09:22:24","modified_gmt":"2023-10-04T07:22:24","slug":"dance-classical","status":"publish","type":"page","link":"https:\/\/laduncanianadanza.com\/en\/dance-classical\/","title":{"rendered":"Classical Dance"},"content":{"rendered":"\t\t<div data-elementor-type=\"wp-page\" data-elementor-id=\"3876\" class=\"elementor elementor-3876 elementor-846\" data-elementor-post-type=\"page\">\n\t\t\t\t\t\t<section class=\"elementor-section elementor-top-section elementor-element elementor-element-85a285d elementor-section-boxed elementor-section-height-default elementor-section-height-default\" data-id=\"85a285d\" data-element_type=\"section\" data-e-type=\"section\">\n\t\t\t\t\t\t<div class=\"elementor-container elementor-column-gap-default\">\n\t\t\t\t\t<div class=\"elementor-column elementor-col-100 elementor-top-column elementor-element elementor-element-aaf1596\" data-id=\"aaf1596\" data-element_type=\"column\" data-e-type=\"column\">\n\t\t\t<div class=\"elementor-widget-wrap elementor-element-populated\">\n\t\t\t\t\t\t<div class=\"elementor-element elementor-element-a7454e3 elementor-widget-divider--view-line elementor-widget elementor-widget-divider\" data-id=\"a7454e3\" data-element_type=\"widget\" data-e-type=\"widget\" data-widget_type=\"divider.default\">\n\t\t\t\t<div class=\"elementor-widget-container\">\n\t\t\t\t\t\t\t<div class=\"elementor-divider\">\n\t\t\t<span class=\"elementor-divider-separator\">\n\t\t\t\t\t\t<\/span>\n\t\t<\/div>\n\t\t\t\t\t\t<\/div>\n\t\t\t\t<\/div>\n\t\t\t\t<div class=\"elementor-element elementor-element-a41cf0d elementor-widget elementor-widget-heading\" data-id=\"a41cf0d\" data-element_type=\"widget\" data-e-type=\"widget\" data-widget_type=\"heading.default\">\n\t\t\t\t<div class=\"elementor-widget-container\">\n\t\t\t\t\t<h1 class=\"elementor-heading-title elementor-size-default\">Classical dance in Valencia<\/h1>\t\t\t\t<\/div>\n\t\t\t\t<\/div>\n\t\t\t\t\t<\/div>\n\t\t<\/div>\n\t\t\t\t\t<\/div>\n\t\t<\/section>\n\t\t\t\t<section class=\"elementor-section elementor-top-section elementor-element elementor-element-bdd1c60 elementor-section-boxed elementor-section-height-default elementor-section-height-default\" data-id=\"bdd1c60\" data-element_type=\"section\" data-e-type=\"section\">\n\t\t\t\t\t\t<div class=\"elementor-container elementor-column-gap-default\">\n\t\t\t\t\t<div class=\"elementor-column elementor-col-50 elementor-top-column elementor-element elementor-element-9c6ef59\" data-id=\"9c6ef59\" data-element_type=\"column\" data-e-type=\"column\">\n\t\t\t<div class=\"elementor-widget-wrap elementor-element-populated\">\n\t\t\t\t\t\t<div class=\"elementor-element elementor-element-9dbf3d7 elementor-widget elementor-widget-heading\" data-id=\"9dbf3d7\" data-element_type=\"widget\" data-e-type=\"widget\" data-widget_type=\"heading.default\">\n\t\t\t\t<div class=\"elementor-widget-container\">\n\t\t\t\t\t<span class=\"elementor-heading-title elementor-size-default\">La Duncaniana Dance School<\/span>\t\t\t\t<\/div>\n\t\t\t\t<\/div>\n\t\t\t\t<div class=\"elementor-element elementor-element-2d91d45 elementor-widget elementor-widget-heading\" data-id=\"2d91d45\" data-element_type=\"widget\" data-e-type=\"widget\" data-widget_type=\"heading.default\">\n\t\t\t\t<div class=\"elementor-widget-container\">\n\t\t\t\t\t<h2 class=\"elementor-heading-title elementor-size-default\">What is classical dance?<\/h2>\t\t\t\t<\/div>\n\t\t\t\t<\/div>\n\t\t\t\t<div class=\"elementor-element elementor-element-cac086f elementor-widget-divider--view-line elementor-widget elementor-widget-divider\" data-id=\"cac086f\" data-element_type=\"widget\" data-e-type=\"widget\" data-widget_type=\"divider.default\">\n\t\t\t\t<div class=\"elementor-widget-container\">\n\t\t\t\t\t\t\t<div class=\"elementor-divider\">\n\t\t\t<span class=\"elementor-divider-separator\">\n\t\t\t\t\t\t<\/span>\n\t\t<\/div>\n\t\t\t\t\t\t<\/div>\n\t\t\t\t<\/div>\n\t\t\t\t<div class=\"elementor-element elementor-element-25cf578 elementor-widget elementor-widget-text-editor\" data-id=\"25cf578\" data-element_type=\"widget\" data-e-type=\"widget\" data-widget_type=\"text-editor.default\">\n\t\t\t\t<div class=\"elementor-widget-container\">\n\t\t\t\t\t\t\t\t\t<p>Classical dance is an exquisite and refined dance style that originated in the royal palaces of 17th century Europe. It is characterized by its precise technique, elegant postures and fluid movements. At La Duncaniana Dance School in Valencia, we are passionate about preserving and transmitting the timeless beauty of classical dance through our teaching and dedication.<\/p>\n\t\t\t\t\t\t\t\t<\/div>\n\t\t\t\t<\/div>\n\t\t\t\t<div class=\"elementor-element elementor-element-9de932e elementor-widget elementor-widget-heading\" data-id=\"9de932e\" data-element_type=\"widget\" data-e-type=\"widget\" data-widget_type=\"heading.default\">\n\t\t\t\t<div class=\"elementor-widget-container\">\n\t\t\t\t\t<h2 class=\"elementor-heading-title elementor-size-default\">Classical dance classes for all ages<\/h2>\t\t\t\t<\/div>\n\t\t\t\t<\/div>\n\t\t\t\t<div class=\"elementor-element elementor-element-fa33a88 elementor-widget-divider--view-line elementor-widget elementor-widget-divider\" data-id=\"fa33a88\" data-element_type=\"widget\" data-e-type=\"widget\" data-widget_type=\"divider.default\">\n\t\t\t\t<div class=\"elementor-widget-container\">\n\t\t\t\t\t\t\t<div class=\"elementor-divider\">\n\t\t\t<span class=\"elementor-divider-separator\">\n\t\t\t\t\t\t<\/span>\n\t\t<\/div>\n\t\t\t\t\t\t<\/div>\n\t\t\t\t<\/div>\n\t\t\t\t<div class=\"elementor-element elementor-element-ba0bbda elementor-widget elementor-widget-text-editor\" data-id=\"ba0bbda\" data-element_type=\"widget\" data-e-type=\"widget\" data-widget_type=\"text-editor.default\">\n\t\t\t\t<div class=\"elementor-widget-container\">\n\t\t\t\t\t\t\t\t\t<p>At our ballet school in Valencia, we offer classical dance classes for all ages and skill levels. Our goal is to provide a comprehensive training in ballet, providing our students with the technical bases necessary to develop as professional dancers. From toddlers to adults, our classical dance programs are designed to fit the needs and goals of each student.<\/p>\n\t\t\t\t\t\t\t\t<\/div>\n\t\t\t\t<\/div>\n\t\t\t\t<div class=\"elementor-element elementor-element-84b4152 elementor-widget elementor-widget-image\" data-id=\"84b4152\" data-element_type=\"widget\" data-e-type=\"widget\" data-widget_type=\"image.default\">\n\t\t\t\t<div class=\"elementor-widget-container\">\n\t\t\t\t\t\t\t\t\t\t\t\t\t\t\t<img fetchpriority=\"high\" decoding=\"async\" width=\"1024\" height=\"997\" src=\"https:\/\/laduncanianadanza.com\/wp-content\/uploads\/2023\/06\/image8.jpeg\" class=\"attachment-large size-large wp-image-885\" alt=\"\" srcset=\"https:\/\/laduncanianadanza.com\/wp-content\/uploads\/2023\/06\/image8.jpeg 1024w, https:\/\/laduncanianadanza.com\/wp-content\/uploads\/2023\/06\/image8-300x292.jpeg 300w, https:\/\/laduncanianadanza.com\/wp-content\/uploads\/2023\/06\/image8-768x748.jpeg 768w\" sizes=\"(max-width: 1024px) 100vw, 1024px\" \/>\t\t\t\t\t\t\t\t\t\t\t\t\t\t\t<\/div>\n\t\t\t\t<\/div>\n\t\t\t\t\t<\/div>\n\t\t<\/div>\n\t\t\t\t<div class=\"elementor-column elementor-col-50 elementor-top-column elementor-element elementor-element-2254147\" data-id=\"2254147\" data-element_type=\"column\" data-e-type=\"column\">\n\t\t\t<div class=\"elementor-widget-wrap elementor-element-populated\">\n\t\t\t\t\t\t<div class=\"elementor-element elementor-element-c5e728c elementor-widget elementor-widget-image\" data-id=\"c5e728c\" data-element_type=\"widget\" data-e-type=\"widget\" data-widget_type=\"image.default\">\n\t\t\t\t<div class=\"elementor-widget-container\">\n\t\t\t\t\t\t\t\t\t\t\t\t\t\t\t<img decoding=\"async\" width=\"1024\" height=\"1024\" src=\"https:\/\/laduncanianadanza.com\/wp-content\/uploads\/2023\/06\/danza-clasica-2.jpeg\" class=\"attachment-large size-large wp-image-877\" alt=\"\" srcset=\"https:\/\/laduncanianadanza.com\/wp-content\/uploads\/2023\/06\/danza-clasica-2.jpeg 1024w, https:\/\/laduncanianadanza.com\/wp-content\/uploads\/2023\/06\/danza-clasica-2-300x300.jpeg 300w, https:\/\/laduncanianadanza.com\/wp-content\/uploads\/2023\/06\/danza-clasica-2-150x150.jpeg 150w, https:\/\/laduncanianadanza.com\/wp-content\/uploads\/2023\/06\/danza-clasica-2-768x768.jpeg 768w, https:\/\/laduncanianadanza.com\/wp-content\/uploads\/2023\/06\/danza-clasica-2-70x70.jpeg 70w\" sizes=\"(max-width: 1024px) 100vw, 1024px\" \/>\t\t\t\t\t\t\t\t\t\t\t\t\t\t\t<\/div>\n\t\t\t\t<\/div>\n\t\t\t\t<div class=\"elementor-element elementor-element-ee17a01 elementor-widget elementor-widget-heading\" data-id=\"ee17a01\" data-element_type=\"widget\" data-e-type=\"widget\" data-widget_type=\"heading.default\">\n\t\t\t\t<div class=\"elementor-widget-container\">\n\t\t\t\t\t<h2 class=\"elementor-heading-title elementor-size-default\">Types of classical dance or ballet<\/h2>\t\t\t\t<\/div>\n\t\t\t\t<\/div>\n\t\t\t\t<div class=\"elementor-element elementor-element-a543f91 elementor-widget-divider--view-line elementor-widget elementor-widget-divider\" data-id=\"a543f91\" data-element_type=\"widget\" data-e-type=\"widget\" data-widget_type=\"divider.default\">\n\t\t\t\t<div class=\"elementor-widget-container\">\n\t\t\t\t\t\t\t<div class=\"elementor-divider\">\n\t\t\t<span class=\"elementor-divider-separator\">\n\t\t\t\t\t\t<\/span>\n\t\t<\/div>\n\t\t\t\t\t\t<\/div>\n\t\t\t\t<\/div>\n\t\t\t\t<div class=\"elementor-element elementor-element-9738ebb elementor-widget elementor-widget-text-editor\" data-id=\"9738ebb\" data-element_type=\"widget\" data-e-type=\"widget\" data-widget_type=\"text-editor.default\">\n\t\t\t\t<div class=\"elementor-widget-container\">\n\t\t\t\t\t\t\t\t\t<p>Classical ballet encompasses a wide variety of styles and techniques, each with its own charm and particularities. In our dance school in Valencia, we offer classes that cover the different styles of classical dance, such as Russian, French and British style. Our students have the opportunity to explore and experiment with these different styles, enriching their training and broadening their knowledge of classical dance.<\/p>\n<p>At La Duncaniana Dance School in Valencia, we are proud to offer high quality training in classical dance, guided by our talented and dedicated teachers. If you are looking for a ballet school in Valencia that fosters elegance, technique and passion for classical dance, look no further! Join our community of dancers and discover the timeless beauty of classical ballet.<\/p>\n\t\t\t\t\t\t\t\t<\/div>\n\t\t\t\t<\/div>\n\t\t\t\t\t<\/div>\n\t\t<\/div>\n\t\t\t\t\t<\/div>\n\t\t<\/section>\n\t\t\t\t<section class=\"elementor-section elementor-top-section elementor-element elementor-element-41b61e7 elementor-section-boxed elementor-section-height-default elementor-section-height-default\" data-id=\"41b61e7\" data-element_type=\"section\" data-e-type=\"section\" data-settings=\"{&quot;background_background&quot;:&quot;classic&quot;}\">\n\t\t\t\t\t\t<div class=\"elementor-container elementor-column-gap-default\">\n\t\t\t\t\t<div class=\"elementor-column elementor-col-100 elementor-top-column elementor-element elementor-element-d89099c\" data-id=\"d89099c\" data-element_type=\"column\" data-e-type=\"column\">\n\t\t\t<div class=\"elementor-widget-wrap elementor-element-populated\">\n\t\t\t\t\t\t<div class=\"elementor-element elementor-element-20d10b7 elementor-widget-divider--view-line elementor-widget elementor-widget-divider\" data-id=\"20d10b7\" data-element_type=\"widget\" data-e-type=\"widget\" data-widget_type=\"divider.default\">\n\t\t\t\t<div class=\"elementor-widget-container\">\n\t\t\t\t\t\t\t<div class=\"elementor-divider\">\n\t\t\t<span class=\"elementor-divider-separator\">\n\t\t\t\t\t\t<\/span>\n\t\t<\/div>\n\t\t\t\t\t\t<\/div>\n\t\t\t\t<\/div>\n\t\t\t\t<div class=\"elementor-element elementor-element-c7d0f27 elementor-widget elementor-widget-heading\" data-id=\"c7d0f27\" data-element_type=\"widget\" data-e-type=\"widget\" data-widget_type=\"heading.default\">\n\t\t\t\t<div class=\"elementor-widget-container\">\n\t\t\t\t\t<span class=\"elementor-heading-title elementor-size-default\">Contact with us<\/span>\t\t\t\t<\/div>\n\t\t\t\t<\/div>\n\t\t\t\t<div class=\"elementor-element elementor-element-64e0a70 elementor-widget elementor-widget-text-editor\" data-id=\"64e0a70\" data-element_type=\"widget\" data-e-type=\"widget\" data-widget_type=\"text-editor.default\">\n\t\t\t\t<div class=\"elementor-widget-container\">\n\t\t\t\t\t\t\t\t\t<p>If you need information or want to enroll in one of our courses, do not hesitate to contact us.<br \/>  We will get back to you as soon as possible!<\/p>\n\t\t\t\t\t\t\t\t<\/div>\n\t\t\t\t<\/div>\n\t\t\t\t<div class=\"elementor-element elementor-element-d6876e2 elementor-button-align-center elementor-widget__width-initial elementor-widget elementor-widget-global elementor-global-3943 elementor-global-3450 elementor-widget-form\" data-id=\"d6876e2\" data-element_type=\"widget\" data-e-type=\"widget\" data-settings=\"{&quot;step_next_label&quot;:&quot;Next&quot;,&quot;step_previous_label&quot;:&quot;Previous&quot;,&quot;button_width&quot;:&quot;100&quot;,&quot;step_type&quot;:&quot;number_text&quot;,&quot;step_icon_shape&quot;:&quot;circle&quot;}\" data-widget_type=\"form.default\">\n\t\t\t\t<div class=\"elementor-widget-container\">\n\t\t\t\t\t\t\t<form class=\"elementor-form\" method=\"post\" name=\"New Form\" aria-label=\"New Form\">\n\t\t\t<input type=\"hidden\" name=\"post_id\" value=\"3876\"\/>\n\t\t\t<input type=\"hidden\" name=\"form_id\" value=\"d6876e2\"\/>\n\t\t\t<input type=\"hidden\" name=\"referer_title\" value=\"\" \/>\n\n\t\t\t\n\t\t\t<div class=\"elementor-form-fields-wrapper elementor-labels-above\">\n\t\t\t\t\t\t\t\t<div class=\"elementor-field-type-text elementor-field-group elementor-column elementor-field-group-name elementor-col-100\">\n\t\t\t\t\t\t\t\t\t\t\t\t<label for=\"form-field-name\" class=\"elementor-field-label\">\n\t\t\t\t\t\t\t\tFullname\t\t\t\t\t\t\t<\/label>\n\t\t\t\t\t\t\t\t\t\t\t\t\t\t<input size=\"1\" type=\"text\" name=\"form_fields[name]\" id=\"form-field-name\" class=\"elementor-field elementor-size-md  elementor-field-textual\">\n\t\t\t\t\t\t\t\t\t\t\t<\/div>\n\t\t\t\t\t\t\t\t<div class=\"elementor-field-type-email elementor-field-group elementor-column elementor-field-group-email elementor-col-50 elementor-field-required elementor-mark-required\">\n\t\t\t\t\t\t\t\t\t\t\t\t<label for=\"form-field-email\" class=\"elementor-field-label\">\n\t\t\t\t\t\t\t\tEmail\t\t\t\t\t\t\t<\/label>\n\t\t\t\t\t\t\t\t\t\t\t\t\t\t<input size=\"1\" type=\"email\" name=\"form_fields[email]\" id=\"form-field-email\" class=\"elementor-field elementor-size-md  elementor-field-textual\" required=\"required\">\n\t\t\t\t\t\t\t\t\t\t\t<\/div>\n\t\t\t\t\t\t\t\t<div class=\"elementor-field-type-tel elementor-field-group elementor-column elementor-field-group-field_ea7df5b elementor-col-50 elementor-field-required elementor-mark-required\">\n\t\t\t\t\t\t\t\t\t\t\t\t<label for=\"form-field-field_ea7df5b\" class=\"elementor-field-label\">\n\t\t\t\t\t\t\t\tPhone\t\t\t\t\t\t\t<\/label>\n\t\t\t\t\t\t\t\t<input size=\"1\" type=\"tel\" name=\"form_fields[field_ea7df5b]\" id=\"form-field-field_ea7df5b\" class=\"elementor-field elementor-size-md  elementor-field-textual\" required=\"required\" pattern=\"[0-9()#&amp;+*-=.]+\" title=\"Only numbers and phone characters (#, -, *, etc) are accepted.\">\n\n\t\t\t\t\t\t<\/div>\n\t\t\t\t\t\t\t\t<div class=\"elementor-field-type-select elementor-field-group elementor-column elementor-field-group-field_53633bb elementor-col-100 elementor-field-required elementor-mark-required\">\n\t\t\t\t\t\t\t\t\t\t\t\t<label for=\"form-field-field_53633bb\" class=\"elementor-field-label\">\n\t\t\t\t\t\t\t\tClasses\t\t\t\t\t\t\t<\/label>\n\t\t\t\t\t\t\t\t<div class=\"elementor-field elementor-select-wrapper remove-before \">\n\t\t\t<div class=\"select-caret-down-wrapper\">\n\t\t\t\t<i aria-hidden=\"true\" class=\"eicon-caret-down\"><\/i>\t\t\t<\/div>\n\t\t\t<select name=\"form_fields[field_53633bb]\" id=\"form-field-field_53633bb\" class=\"elementor-field-textual elementor-size-md\" required=\"required\">\n\t\t\t\t\t\t\t\t\t<option value=\"- Select service -  \">- Select service -  <\/option>\n\t\t\t\t\t\t\t\t\t<option value=\"RAD Examinations\">RAD Examinations<\/option>\n\t\t\t\t\t\t\t\t\t<option value=\"Summer School\">Summer School<\/option>\n\t\t\t\t\t\t\t\t\t<option value=\"Classical Dance\">Classical Dance<\/option>\n\t\t\t\t\t\t\t\t\t<option value=\"Contemporary Dance\">Contemporary Dance<\/option>\n\t\t\t\t\t\t\t\t\t<option value=\"Neoclassical Dance\">Neoclassical Dance<\/option>\n\t\t\t\t\t\t\t\t\t<option value=\"Modern Dance\">Modern Dance<\/option>\n\t\t\t\t\t\t\t\t\t<option value=\"Silver Swans\">Silver Swans<\/option>\n\t\t\t\t\t\t\t\t\t<option value=\"PBT\">PBT<\/option>\n\t\t\t\t\t\t\t\t\t<option value=\"Private Lesson\">Private Lesson<\/option>\n\t\t\t\t\t\t\t<\/select>\n\t\t<\/div>\n\t\t\t\t\t\t<\/div>\n\t\t\t\t\t\t\t\t<div class=\"elementor-field-type-acceptance elementor-field-group elementor-column elementor-field-group-field_045182a elementor-col-100 elementor-field-required elementor-mark-required\">\n\t\t\t\t\t\t\t<div class=\"elementor-field-subgroup\">\n\t\t\t<span class=\"elementor-field-option\">\n\t\t\t\t<input type=\"checkbox\" name=\"form_fields[field_045182a]\" id=\"form-field-field_045182a\" class=\"elementor-field elementor-size-md  elementor-acceptance-field\" required=\"required\">\n\t\t\t\t<label for=\"form-field-field_045182a\">I have read and accept the <a href=\"https:\/\/laduncanianadanza.com\/en\/additional-information\/\">data protection<\/a> clause.<\/label>\t\t\t<\/span>\n\t\t<\/div>\n\t\t\t\t\t\t<\/div>\n\t\t\t\t\t\t\t\t<div class=\"elementor-field-type-html elementor-field-group elementor-column elementor-field-group-field_d0c4899 elementor-col-100\">\n\t\t\t\t\t<p><strong>BASIC INFORMATION ON DATA PROTECTION<\/strong><\/p>\n<ul>\n<li><strong>Responsible: <\/strong>M\u00d3NICA MONTA\u00d1ANA CEBRI\u00c1<\/li>\n<li><strong>Purpose:<\/strong> Management of inquiries about the activities of LA DUNCANIANA DANZA center.<\/li>\n<li><strong>Legitimation:<\/strong> Consent of the interested party<\/li>\n<li><strong>Recipients:<\/strong> The data will not be disclosed to third parties outside the company.<\/li>\n<li><strong>Rights:<\/strong> You have the right to access, rectify and delete the data, as well as other rights, as explained in the additional information.<\/li>\n<li><strong>Additional information:<\/strong> You can consult additional and detailed information on Data Protection at the following <a href=\"https:\/\/laduncanianadanza.com\/en\/additional-information\/\">link<\/a><\/li>\n<\/ul>\t\t\t\t<\/div>\n\t\t\t\t\t\t\t\t<div class=\"elementor-field-group elementor-column elementor-field-type-submit elementor-col-100 e-form__buttons\">\n\t\t\t\t\t<button class=\"elementor-button elementor-size-sm\" type=\"submit\">\n\t\t\t\t\t\t<span class=\"elementor-button-content-wrapper\">\n\t\t\t\t\t\t\t\t\t\t\t\t\t\t\t\t\t\t\t\t\t\t<span class=\"elementor-button-text\">Send to<\/span>\n\t\t\t\t\t\t\t\t\t\t\t\t\t<\/span>\n\t\t\t\t\t<\/button>\n\t\t\t\t<\/div>\n\t\t\t<\/div>\n\t\t<\/form>\n\t\t\t\t\t\t<\/div>\n\t\t\t\t<\/div>\n\t\t\t\t<div class=\"elementor-element elementor-element-6e278a6 elementor-widget__width-initial elementor-widget elementor-widget-google_maps\" data-id=\"6e278a6\" data-element_type=\"widget\" data-e-type=\"widget\" data-widget_type=\"google_maps.default\">\n\t\t\t\t<div class=\"elementor-widget-container\">\n\t\t\t\t\t\t\t<div class=\"elementor-custom-embed\">\n\t\t\t<iframe loading=\"lazy\"\n\t\t\t\t\tsrc=\"https:\/\/maps.google.com\/maps?q=Centro%20Oficial%20de%20Danza%20La%20Duncaniana&#038;t=m&#038;z=12&#038;output=embed&#038;iwloc=near\"\n\t\t\t\t\ttitle=\"Centro Oficial de Danza La Duncaniana\"\n\t\t\t\t\taria-label=\"Centro Oficial de Danza La Duncaniana\"\n\t\t\t><\/iframe>\n\t\t<\/div>\n\t\t\t\t\t\t<\/div>\n\t\t\t\t<\/div>\n\t\t\t\t\t<\/div>\n\t\t<\/div>\n\t\t\t\t\t<\/div>\n\t\t<\/section>\n\t\t\t\t<\/div>\n\t\t","protected":false},"excerpt":{"rendered":"<p>Classical dance in Valencia La Duncaniana Dance School What is classical dance? Classical dance is an exquisite and refined dance style that originated in the royal palaces of 17th century Europe. It is characterized by its precise technique, elegant postures and fluid movements. At La Duncaniana Dance School in Valencia, we are passionate about preserving [&hellip;]<\/p>\n","protected":false},"author":1,"featured_media":0,"parent":0,"menu_order":0,"comment_status":"closed","ping_status":"closed","template":"","meta":{"site-sidebar-layout":"no-sidebar","site-content-layout":"page-builder","ast-site-content-layout":"default","site-content-style":"default","site-sidebar-style":"default","ast-global-header-display":"","ast-banner-title-visibility":"","ast-main-header-display":"","ast-hfb-above-header-display":"","ast-hfb-below-header-display":"","ast-hfb-mobile-header-display":"","site-post-title":"disabled","ast-breadcrumbs-content":"","ast-featured-img":"disabled","footer-sml-layout":"","ast-disable-related-posts":"","theme-transparent-header-meta":"","adv-header-id-meta":"","stick-header-meta":"","header-above-stick-meta":"","header-main-stick-meta":"","header-below-stick-meta":"","astra-migrate-meta-layouts":"default","ast-page-background-enabled":"default","ast-page-background-meta":{"desktop":{"background-color":"var(--ast-global-color-4)","background-image":"","background-repeat":"repeat","background-position":"center center","background-size":"auto","background-attachment":"scroll","background-type":"","background-media":"","overlay-type":"","overlay-color":"","overlay-opacity":"","overlay-gradient":""},"tablet":{"background-color":"","background-image":"","background-repeat":"repeat","background-position":"center center","background-size":"auto","background-attachment":"scroll","background-type":"","background-media":"","overlay-type":"","overlay-color":"","overlay-opacity":"","overlay-gradient":""},"mobile":{"background-color":"","background-image":"","background-repeat":"repeat","background-position":"center center","background-size":"auto","background-attachment":"scroll","background-type":"","background-media":"","overlay-type":"","overlay-color":"","overlay-opacity":"","overlay-gradient":""}},"ast-content-background-meta":{"desktop":{"background-color":"var(--ast-global-color-5)","background-image":"","background-repeat":"repeat","background-position":"center center","background-size":"auto","background-attachment":"scroll","background-type":"","background-media":"","overlay-type":"","overlay-color":"","overlay-opacity":"","overlay-gradient":""},"tablet":{"background-color":"var(--ast-global-color-5)","background-image":"","background-repeat":"repeat","background-position":"center center","background-size":"auto","background-attachment":"scroll","background-type":"","background-media":"","overlay-type":"","overlay-color":"","overlay-opacity":"","overlay-gradient":""},"mobile":{"background-color":"var(--ast-global-color-5)","background-image":"","background-repeat":"repeat","background-position":"center center","background-size":"auto","background-attachment":"scroll","background-type":"","background-media":"","overlay-type":"","overlay-color":"","overlay-opacity":"","overlay-gradient":""}},"_joinchat":[],"footnotes":""},"class_list":["post-3876","page","type-page","status-publish","hentry"],"_links":{"self":[{"href":"https:\/\/laduncanianadanza.com\/en\/wp-json\/wp\/v2\/pages\/3876","targetHints":{"allow":["GET"]}}],"collection":[{"href":"https:\/\/laduncanianadanza.com\/en\/wp-json\/wp\/v2\/pages"}],"about":[{"href":"https:\/\/laduncanianadanza.com\/en\/wp-json\/wp\/v2\/types\/page"}],"author":[{"embeddable":true,"href":"https:\/\/laduncanianadanza.com\/en\/wp-json\/wp\/v2\/users\/1"}],"replies":[{"embeddable":true,"href":"https:\/\/laduncanianadanza.com\/en\/wp-json\/wp\/v2\/comments?post=3876"}],"version-history":[{"count":2,"href":"https:\/\/laduncanianadanza.com\/en\/wp-json\/wp\/v2\/pages\/3876\/revisions"}],"predecessor-version":[{"id":3880,"href":"https:\/\/laduncanianadanza.com\/en\/wp-json\/wp\/v2\/pages\/3876\/revisions\/3880"}],"wp:attachment":[{"href":"https:\/\/laduncanianadanza.com\/en\/wp-json\/wp\/v2\/media?parent=3876"}],"curies":[{"name":"wp","href":"https:\/\/api.w.org\/{rel}","templated":true}]}}